{"id":604,"date":"2026-04-16T20:30:54","date_gmt":"2026-04-16T20:30:54","guid":{"rendered":"https:\/\/teddydogsshop.com.pl\/?post_type=product&#038;p=604"},"modified":"2026-04-28T23:03:42","modified_gmt":"2026-04-28T23:03:42","slug":"bandana-love-turkusowa-zolta","status":"publish","type":"product","link":"https:\/\/teddydogsshop.com.pl\/en\/product\/bandana-love-turkusowa-zolta\/","title":{"rendered":"Bandana Love"},"content":{"rendered":"","protected":false},"excerpt":{"rendered":"<p><strong>Teddy Dogs<\/strong><\/p>\n<p>&nbsp;<\/p>\n<p>Bandana ma subtelny i uroczy wygl\u0105d, idealny jako stylowy dodatek dla pupila. Wykonana jest z mi\u0119kkiej, plecionej w\u0142\u00f3czki w kolorze kremowym, co nadaje jej naturalny i przytulny charakter. Ma klasyczny, tr\u00f3jk\u0105tny kszta\u0142t dopasowany do szyi psa.<\/p>\n<p>Na jej powierzchni znajduje si\u0119 dekoracyjny napis \u201elove\u201d wykonany z w\u0142\u00f3czki w kolorze piaskowym (ciep\u0142y, jasny be\u017c), kt\u00f3ry delikatnie wyr\u00f3\u017cnia si\u0119 na tle kremowej bazy. Dodatkowo bandan\u0119 zdobi\u0105 ma\u0142e serduszka w tym samym piaskowym kolorze, podkre\u015blaj\u0105ce jej romantyczny i s\u0142odki styl.<\/p>\n<p>Czas realizacji: do 7 do roboczych<\/p>\n<p>Certyfikat Oeko-Tex-Standard 100<\/p>","protected":false},"featured_media":627,"comment_status":"open","ping_status":"closed","template":"","meta":{"site-sidebar-layout":"default","site-content-layout":"","ast-site-content-layout":"default","site-content-style":"default","site-sidebar-style":"default","ast-global-header-display":"","ast-banner-title-visibility":"","ast-main-header-display":"","ast-hfb-above-header-display":"","ast-hfb-below-header-display":"","ast-hfb-mobile-header-display":"","site-post-title":"","ast-breadcrumbs-content":"","ast-featured-img":"","footer-sml-layout":"","ast-disable-related-posts":"","theme-transparent-header-meta":"default","adv-header-id-meta":"","stick-header-meta":"","header-above-stick-meta":"","header-main-stick-meta":"","header-below-stick-meta":"","astra-migrate-meta-layouts":"set","ast-page-background-enabled":"default","ast-page-background-meta":{"desktop":{"background-color":"var(--ast-global-color-5)","background-image":"","background-repeat":"repeat","background-position":"center center","background-size":"auto","background-attachment":"scroll","background-type":"","background-media":"","overlay-type":"","overlay-color":"","overlay-opacity":"","overlay-gradient":""},"tablet":{"background-color":"","background-image":"","background-repeat":"repeat","background-position":"center center","background-size":"auto","background-attachment":"scroll","background-type":"","background-media":"","overlay-type":"","overlay-color":"","overlay-opacity":"","overlay-gradient":""},"mobile":{"background-color":"","background-image":"","background-repeat":"repeat","background-position":"center center","background-size":"auto","background-attachment":"scroll","background-type":"","background-media":"","overlay-type":"","overlay-color":"","overlay-opacity":"","overlay-gradient":""}},"ast-content-background-meta":{"desktop":{"background-color":"var(--ast-global-color-4)","background-image":"","background-repeat":"repeat","background-position":"center center","background-size":"auto","background-attachment":"scroll","background-type":"","background-media":"","overlay-type":"","overlay-color":"","overlay-opacity":"","overlay-gradient":""},"tablet":{"background-color":"var(--ast-global-color-4)","background-image":"","background-repeat":"repeat","background-position":"center center","background-size":"auto","background-attachment":"scroll","background-type":"","background-media":"","overlay-type":"","overlay-color":"","overlay-opacity":"","overlay-gradient":""},"mobile":{"background-color":"var(--ast-global-color-4)","background-image":"","background-repeat":"repeat","background-position":"center center","background-size":"auto","background-attachment":"scroll","background-type":"","background-media":"","overlay-type":"","overlay-color":"","overlay-opacity":"","overlay-gradient":""}}},"product_brand":[99],"product_cat":[17,73,32],"product_tag":[77,72],"class_list":{"0":"post-604","1":"product","2":"type-product","3":"status-publish","4":"has-post-thumbnail","6":"product_brand-teddydogs","7":"product_cat-all","8":"product_cat-bandany","9":"product_cat-odziez","10":"product_tag-love","11":"product_tag-oeko-tex-standard-100","12":"desktop-align-left","13":"tablet-align-left","14":"mobile-align-left","16":"first","17":"instock","18":"shipping-taxable","19":"purchasable","20":"product-type-variable"},"_links":{"self":[{"href":"https:\/\/teddydogsshop.com.pl\/en\/wp-json\/wp\/v2\/product\/604","targetHints":{"allow":["GET"]}}],"collection":[{"href":"https:\/\/teddydogsshop.com.pl\/en\/wp-json\/wp\/v2\/product"}],"about":[{"href":"https:\/\/teddydogsshop.com.pl\/en\/wp-json\/wp\/v2\/types\/product"}],"replies":[{"embeddable":true,"href":"https:\/\/teddydogsshop.com.pl\/en\/wp-json\/wp\/v2\/comments?post=604"}],"wp:featuredmedia":[{"embeddable":true,"href":"https:\/\/teddydogsshop.com.pl\/en\/wp-json\/wp\/v2\/media\/627"}],"wp:attachment":[{"href":"https:\/\/teddydogsshop.com.pl\/en\/wp-json\/wp\/v2\/media?parent=604"}],"wp:term":[{"taxonomy":"product_brand","embeddable":true,"href":"https:\/\/teddydogsshop.com.pl\/en\/wp-json\/wp\/v2\/product_brand?post=604"},{"taxonomy":"product_cat","embeddable":true,"href":"https:\/\/teddydogsshop.com.pl\/en\/wp-json\/wp\/v2\/product_cat?post=604"},{"taxonomy":"product_tag","embeddable":true,"href":"https:\/\/teddydogsshop.com.pl\/en\/wp-json\/wp\/v2\/product_tag?post=604"}],"curies":[{"name":"wp","href":"https:\/\/api.w.org\/{rel}","templated":true}]}}