{"id":671,"date":"2026-04-16T23:03:19","date_gmt":"2026-04-16T23:03:19","guid":{"rendered":"https:\/\/teddydogsshop.com.pl\/?post_type=product&#038;p=671"},"modified":"2026-04-28T22:58:27","modified_gmt":"2026-04-28T22:58:27","slug":"bandana-hearts","status":"publish","type":"product","link":"https:\/\/teddydogsshop.com.pl\/en\/product\/bandana-hearts\/","title":{"rendered":"Bandana Hearts"},"content":{"rendered":"","protected":false},"excerpt":{"rendered":"<p><strong>Teddy Dogs<\/strong><\/p>\n<p>&nbsp;<\/p>\n<p>Bandana Hearts \u2013 kremowa, r\u0119cznie robiona z sercami<\/p>\n<p>Urocza, r\u0119cznie wykonana bandana w kolorze kremowym to wyj\u0105tkowy dodatek dla Twojego pupila. Wykonana z mi\u0119kkiej, przyjemnej w dotyku w\u0142\u00f3czki, zapewnia komfort noszenia i stylowy wygl\u0105d.<\/p>\n<p>Bandana ozdobiona jest trzema szyde\u0142kowymi sercami w naturalnych odcieniach: khaki, br\u0105zu i kakao, kt\u00f3re nadaj\u0105 jej ciep\u0142ego, rustykalnego charakteru. Ka\u017cdy egzemplarz jest tworzony r\u0119cznie, dzi\u0119ki czemu jest unikatowy i dopracowany w ka\u017cdym detalu.<\/p>\n<p>Idealna na co dzie\u0144, sesje zdj\u0119ciowe lub jako wyj\u0105tkowy prezent.<\/p>\n<p>Cechy produktu:<\/p>\n<p>\u2022 kolor: kremowy<\/p>\n<p>\u2022 ozdoby: serca w kolorach khaki, br\u0105zowym i kakaowym<\/p>\n<p>\u2022 wykonanie: r\u0119czne (handmade)<\/p>\n<p>\u2022 materia\u0142: mi\u0119kka w\u0142\u00f3czka przyjazna dla sk\u00f3ry<\/p>\n<p>\u2022 styl: naturalny, minimalistyczny<\/p>\n<p>Styl i wygoda w jednym \u2013 dla pupila, kt\u00f3ry zas\u0142uguje na co\u015b wyj\u0105tkowego <span class=\"html-span xexx8yu xyri2b x18d9i69 x1c1uobl x1hl2dhg x16tdsg8 x1vvkbs x3nfvp2 x1j61x8r x1fcty0u xdj266r xat24cr xm2jcoa x1mpyi22 xxymvpz xlup9mm x1kky2od\"><img loading=\"lazy\" decoding=\"async\" class=\"xz74otr x15mokao x1ga7v0g x16uus16 xbiv7yw\" src=\"https:\/\/static.xx.fbcdn.net\/images\/emoji.php\/v9\/tde\/1\/16\/1f43e.png\" alt=\"\ud83d\udc3e\" width=\"16\" height=\"16\" \/><\/span><span class=\"html-span xexx8yu xyri2b x18d9i69 x1c1uobl x1hl2dhg x16tdsg8 x1vvkbs x3nfvp2 x1j61x8r x1fcty0u xdj266r xat24cr xm2jcoa x1mpyi22 xxymvpz xlup9mm x1kky2od\"><img loading=\"lazy\" decoding=\"async\" class=\"xz74otr x15mokao x1ga7v0g x16uus16 xbiv7yw\" src=\"https:\/\/static.xx.fbcdn.net\/images\/emoji.php\/v9\/t15\/1\/16\/1f49b.png\" alt=\"\ud83d\udc9b\" width=\"16\" height=\"16\" \/><\/span><\/p>\n<p>Czas realizacji: do 7 dni roboczych<\/p>\n<p>Certyfikat Oeko-Tex-Standard 100<\/p>","protected":false},"featured_media":675,"comment_status":"open","ping_status":"closed","template":"","meta":{"site-sidebar-layout":"default","site-content-layout":"","ast-site-content-layout":"default","site-content-style":"default","site-sidebar-style":"default","ast-global-header-display":"","ast-banner-title-visibility":"","ast-main-header-display":"","ast-hfb-above-header-display":"","ast-hfb-below-header-display":"","ast-hfb-mobile-header-display":"","site-post-title":"","ast-breadcrumbs-content":"","ast-featured-img":"","footer-sml-layout":"","ast-disable-related-posts":"","theme-transparent-header-meta":"default","adv-header-id-meta":"","stick-header-meta":"","header-above-stick-meta":"","header-main-stick-meta":"","header-below-stick-meta":"","astra-migrate-meta-layouts":"set","ast-page-background-enabled":"default","ast-page-background-meta":{"desktop":{"background-color":"var(--ast-global-color-5)","background-image":"","background-repeat":"repeat","background-position":"center center","background-size":"auto","background-attachment":"scroll","background-type":"","background-media":"","overlay-type":"","overlay-color":"","overlay-opacity":"","overlay-gradient":""},"tablet":{"background-color":"","background-image":"","background-repeat":"repeat","background-position":"center center","background-size":"auto","background-attachment":"scroll","background-type":"","background-media":"","overlay-type":"","overlay-color":"","overlay-opacity":"","overlay-gradient":""},"mobile":{"background-color":"","background-image":"","background-repeat":"repeat","background-position":"center center","background-size":"auto","background-attachment":"scroll","background-type":"","background-media":"","overlay-type":"","overlay-color":"","overlay-opacity":"","overlay-gradient":""}},"ast-content-background-meta":{"desktop":{"background-color":"var(--ast-global-color-4)","background-image":"","background-repeat":"repeat","background-position":"center center","background-size":"auto","background-attachment":"scroll","background-type":"","background-media":"","overlay-type":"","overlay-color":"","overlay-opacity":"","overlay-gradient":""},"tablet":{"background-color":"var(--ast-global-color-4)","background-image":"","background-repeat":"repeat","background-position":"center center","background-size":"auto","background-attachment":"scroll","background-type":"","background-media":"","overlay-type":"","overlay-color":"","overlay-opacity":"","overlay-gradient":""},"mobile":{"background-color":"var(--ast-global-color-4)","background-image":"","background-repeat":"repeat","background-position":"center center","background-size":"auto","background-attachment":"scroll","background-type":"","background-media":"","overlay-type":"","overlay-color":"","overlay-opacity":"","overlay-gradient":""}}},"product_brand":[99],"product_cat":[73,32],"product_tag":[78,72],"class_list":{"0":"post-671","1":"product","2":"type-product","3":"status-publish","4":"has-post-thumbnail","6":"product_brand-teddydogs","7":"product_cat-bandany","8":"product_cat-odziez","9":"product_tag-hearts","10":"product_tag-oeko-tex-standard-100","11":"desktop-align-left","12":"tablet-align-left","13":"mobile-align-left","15":"first","16":"instock","17":"shipping-taxable","18":"purchasable","19":"product-type-variable"},"_links":{"self":[{"href":"https:\/\/teddydogsshop.com.pl\/en\/wp-json\/wp\/v2\/product\/671","targetHints":{"allow":["GET"]}}],"collection":[{"href":"https:\/\/teddydogsshop.com.pl\/en\/wp-json\/wp\/v2\/product"}],"about":[{"href":"https:\/\/teddydogsshop.com.pl\/en\/wp-json\/wp\/v2\/types\/product"}],"replies":[{"embeddable":true,"href":"https:\/\/teddydogsshop.com.pl\/en\/wp-json\/wp\/v2\/comments?post=671"}],"wp:featuredmedia":[{"embeddable":true,"href":"https:\/\/teddydogsshop.com.pl\/en\/wp-json\/wp\/v2\/media\/675"}],"wp:attachment":[{"href":"https:\/\/teddydogsshop.com.pl\/en\/wp-json\/wp\/v2\/media?parent=671"}],"wp:term":[{"taxonomy":"product_brand","embeddable":true,"href":"https:\/\/teddydogsshop.com.pl\/en\/wp-json\/wp\/v2\/product_brand?post=671"},{"taxonomy":"product_cat","embeddable":true,"href":"https:\/\/teddydogsshop.com.pl\/en\/wp-json\/wp\/v2\/product_cat?post=671"},{"taxonomy":"product_tag","embeddable":true,"href":"https:\/\/teddydogsshop.com.pl\/en\/wp-json\/wp\/v2\/product_tag?post=671"}],"curies":[{"name":"wp","href":"https:\/\/api.w.org\/{rel}","templated":true}]}}