{"id":723,"date":"2026-04-16T23:49:04","date_gmt":"2026-04-16T23:49:04","guid":{"rendered":"https:\/\/teddydogsshop.com.pl\/?post_type=product&#038;p=723"},"modified":"2026-04-16T23:53:13","modified_gmt":"2026-04-16T23:53:13","slug":"spiworek-dla-szczeniaka","status":"publish","type":"product","link":"https:\/\/teddydogsshop.com.pl\/en\/product\/spiworek-dla-szczeniaka\/","title":{"rendered":"\u015apiworek dla szczeniaka"},"content":{"rendered":"<p>Piel\u0119gnacja produktu<\/p>\n<p>Aby zachowa\u0107 mi\u0119kko\u015b\u0107, wygl\u0105d i trwa\u0142o\u015b\u0107 \u015bpiworka, zalecamy odpowiedni\u0105 piel\u0119gnacj\u0119:<\/p>\n<p>\u2022 <span class=\"html-span xexx8yu xyri2b x18d9i69 x1c1uobl x1hl2dhg x16tdsg8 x1vvkbs x3nfvp2 x1j61x8r x1fcty0u xdj266r xat24cr xm2jcoa x1mpyi22 xxymvpz xlup9mm x1kky2od\"><img loading=\"lazy\" decoding=\"async\" class=\"xz74otr x15mokao x1ga7v0g x16uus16 xbiv7yw\" src=\"https:\/\/static.xx.fbcdn.net\/images\/emoji.php\/v9\/tce\/1\/16\/1f9fc.png\" alt=\"\ud83e\uddfc\" width=\"16\" height=\"16\" \/><\/span> Pra\u0107 delikatnie w temperaturze maks. 30\u00b0C<\/p>\n<p>\u2022 <span class=\"html-span xexx8yu xyri2b x18d9i69 x1c1uobl x1hl2dhg x16tdsg8 x1vvkbs x3nfvp2 x1j61x8r x1fcty0u xdj266r xat24cr xm2jcoa x1mpyi22 xxymvpz xlup9mm x1kky2od\"><img loading=\"lazy\" decoding=\"async\" class=\"xz74otr x15mokao x1ga7v0g x16uus16 xbiv7yw\" src=\"https:\/\/static.xx.fbcdn.net\/images\/emoji.php\/v9\/t6f\/1\/16\/1f6ab.png\" alt=\"\ud83d\udeab\" width=\"16\" height=\"16\" \/><\/span> Nie suszy\u0107 w suszarce b\u0119bnowej<\/p>\n<p>\u2022 <span class=\"html-span xexx8yu xyri2b x18d9i69 x1c1uobl x1hl2dhg x16tdsg8 x1vvkbs x3nfvp2 x1j61x8r x1fcty0u xdj266r xat24cr xm2jcoa x1mpyi22 xxymvpz xlup9mm x1kky2od\"><img loading=\"lazy\" decoding=\"async\" class=\"xz74otr x15mokao x1ga7v0g x16uus16 xbiv7yw\" src=\"https:\/\/static.xx.fbcdn.net\/images\/emoji.php\/v9\/t6f\/1\/16\/1f6ab.png\" alt=\"\ud83d\udeab\" width=\"16\" height=\"16\" \/><\/span> Nie prasowa\u0107<\/p>\n<p>\u2022 <span class=\"html-span xexx8yu xyri2b x18d9i69 x1c1uobl x1hl2dhg x16tdsg8 x1vvkbs x3nfvp2 x1j61x8r x1fcty0u xdj266r xat24cr xm2jcoa x1mpyi22 xxymvpz xlup9mm x1kky2od\"><img loading=\"lazy\" decoding=\"async\" class=\"xz74otr x15mokao x1ga7v0g x16uus16 xbiv7yw\" src=\"https:\/\/static.xx.fbcdn.net\/images\/emoji.php\/v9\/t6f\/1\/16\/1f6ab.png\" alt=\"\ud83d\udeab\" width=\"16\" height=\"16\" \/><\/span> Nie czy\u015bci\u0107 chemicznie<\/p>\n<p>Dla najlepszych efekt\u00f3w zaleca si\u0119 suszenie na p\u0142asko oraz stosowanie \u0142agodnych detergent\u00f3w przeznaczonych do delikatnych tkanin<\/p>","protected":false},"excerpt":{"rendered":"<p>\u015apiworek dla szczeniaka 50&#215;50 cm \u2013 baranek merino &amp; futerko wega\u0144skie<\/p>\n<p>Zapewnij swojemu pupilowi maksymalny komfort i ciep\u0142o dzi\u0119ki wyj\u0105tkowemu \u015bpiworkowi stworzonemu z my\u015bl\u0105 o najm\u0142odszych czworonogach. To idealne miejsce do odpoczynku, snu i wyciszenia \u2013 mi\u0119kkie, przytulne i bezpieczne.<\/p>\n<p>\u015apiworek wykonany jest w 100% z wysokiej jako\u015bci baranka merino, kt\u00f3ry doskonale izoluje ciep\u0142o i jest niezwykle delikatny dla sk\u00f3ry. Wn\u0119trze wyko\u0144czone zosta\u0142o mi\u0119kkim futerkiem wega\u0144skim, kt\u00f3re zapewnia przyjemne otulenie i komfort u\u017cytkowania bez u\u017cycia materia\u0142\u00f3w pochodzenia zwierz\u0119cego.<\/p>\n<p>Najwa\u017cniejsze cechy:<\/p>\n<p>\u2022 <span class=\"html-span xexx8yu xyri2b x18d9i69 x1c1uobl x1hl2dhg x16tdsg8 x1vvkbs x3nfvp2 x1j61x8r x1fcty0u xdj266r xat24cr xm2jcoa x1mpyi22 xxymvpz xlup9mm x1kky2od\"><img loading=\"lazy\" decoding=\"async\" class=\"xz74otr x15mokao x1ga7v0g x16uus16 xbiv7yw\" src=\"https:\/\/static.xx.fbcdn.net\/images\/emoji.php\/v9\/t51\/1\/16\/2714.png\" alt=\"\u2714\" width=\"16\" height=\"16\" \/><\/span> 100% baranek merino \u2013 naturalne ciep\u0142o i oddychalno\u015b\u0107<\/p>\n<p>\u2022 <span class=\"html-span xexx8yu xyri2b x18d9i69 x1c1uobl x1hl2dhg x16tdsg8 x1vvkbs x3nfvp2 x1j61x8r x1fcty0u xdj266r xat24cr xm2jcoa x1mpyi22 xxymvpz xlup9mm x1kky2od\"><img loading=\"lazy\" decoding=\"async\" class=\"xz74otr x15mokao x1ga7v0g x16uus16 xbiv7yw\" src=\"https:\/\/static.xx.fbcdn.net\/images\/emoji.php\/v9\/t51\/1\/16\/2714.png\" alt=\"\u2714\" width=\"16\" height=\"16\" \/><\/span> Wega\u0144skie futerko \u2013 mi\u0119kkie i przyjazne dla zwierz\u0105t<\/p>\n<p>\u2022 <span class=\"html-span xexx8yu xyri2b x18d9i69 x1c1uobl x1hl2dhg x16tdsg8 x1vvkbs x3nfvp2 x1j61x8r x1fcty0u xdj266r xat24cr xm2jcoa x1mpyi22 xxymvpz xlup9mm x1kky2od\"><img loading=\"lazy\" decoding=\"async\" class=\"xz74otr x15mokao x1ga7v0g x16uus16 xbiv7yw\" src=\"https:\/\/static.xx.fbcdn.net\/images\/emoji.php\/v9\/t51\/1\/16\/2714.png\" alt=\"\u2714\" width=\"16\" height=\"16\" \/><\/span> Rozmiar 50&#215;50 cm \u2013 idealny dla szczeni\u0105t i ma\u0142ych ps\u00f3w<\/p>\n<p>\u2022 <span class=\"html-span xexx8yu xyri2b x18d9i69 x1c1uobl x1hl2dhg x16tdsg8 x1vvkbs x3nfvp2 x1j61x8r x1fcty0u xdj266r xat24cr xm2jcoa x1mpyi22 xxymvpz xlup9mm x1kky2od\"><img loading=\"lazy\" decoding=\"async\" class=\"xz74otr x15mokao x1ga7v0g x16uus16 xbiv7yw\" src=\"https:\/\/static.xx.fbcdn.net\/images\/emoji.php\/v9\/t51\/1\/16\/2714.png\" alt=\"\u2714\" width=\"16\" height=\"16\" \/><\/span> Przytulna forma \u015bpiworka \u2013 poczucie bezpiecze\u0144stwa i komfortu<\/p>\n<p>\u2022 <span class=\"html-span xexx8yu xyri2b x18d9i69 x1c1uobl x1hl2dhg x16tdsg8 x1vvkbs x3nfvp2 x1j61x8r x1fcty0u xdj266r xat24cr xm2jcoa x1mpyi22 xxymvpz xlup9mm x1kky2od\"><img loading=\"lazy\" decoding=\"async\" class=\"xz74otr x15mokao x1ga7v0g x16uus16 xbiv7yw\" src=\"https:\/\/static.xx.fbcdn.net\/images\/emoji.php\/v9\/t51\/1\/16\/2714.png\" alt=\"\u2714\" width=\"16\" height=\"16\" \/><\/span> Stylowy, uniwersalny design pasuj\u0105cy do ka\u017cdego wn\u0119trza<\/p>\n<p>\u015apiworek doskonale sprawdzi si\u0119 w domu, w podr\u00f3\u017cy czy jako element wyprawki dla szczeniaka. Tw\u00f3j pupil pokocha jego mi\u0119kko\u015b\u0107 i ciep\u0142o od pierwszego u\u017cycia.<\/p>\n<p>Trzy kolory . Be\u017cowo -szare , kremowy +futerko Wolf, br\u0105zowy -krem<\/p>","protected":false},"featured_media":732,"comment_status":"open","ping_status":"closed","template":"","meta":{"site-sidebar-layout":"default","site-content-layout":"","ast-site-content-layout":"default","site-content-style":"default","site-sidebar-style":"default","ast-global-header-display":"","ast-banner-title-visibility":"","ast-main-header-display":"","ast-hfb-above-header-display":"","ast-hfb-below-header-display":"","ast-hfb-mobile-header-display":"","site-post-title":"","ast-breadcrumbs-content":"","ast-featured-img":"","footer-sml-layout":"","ast-disable-related-posts":"","theme-transparent-header-meta":"default","adv-header-id-meta":"","stick-header-meta":"","header-above-stick-meta":"","header-main-stick-meta":"","header-below-stick-meta":"","astra-migrate-meta-layouts":"set","ast-page-background-enabled":"default","ast-page-background-meta":{"desktop":{"background-color":"var(--ast-global-color-5)","background-image":"","background-repeat":"repeat","background-position":"center center","background-size":"auto","background-attachment":"scroll","background-type":"","background-media":"","overlay-type":"","overlay-color":"","overlay-opacity":"","overlay-gradient":""},"tablet":{"background-color":"","background-image":"","background-repeat":"repeat","background-position":"center center","background-size":"auto","background-attachment":"scroll","background-type":"","background-media":"","overlay-type":"","overlay-color":"","overlay-opacity":"","overlay-gradient":""},"mobile":{"background-color":"","background-image":"","background-repeat":"repeat","background-position":"center center","background-size":"auto","background-attachment":"scroll","background-type":"","background-media":"","overlay-type":"","overlay-color":"","overlay-opacity":"","overlay-gradient":""}},"ast-content-background-meta":{"desktop":{"background-color":"var(--ast-global-color-4)","background-image":"","background-repeat":"repeat","background-position":"center center","background-size":"auto","background-attachment":"scroll","background-type":"","background-media":"","overlay-type":"","overlay-color":"","overlay-opacity":"","overlay-gradient":""},"tablet":{"background-color":"var(--ast-global-color-4)","background-image":"","background-repeat":"repeat","background-position":"center center","background-size":"auto","background-attachment":"scroll","background-type":"","background-media":"","overlay-type":"","overlay-color":"","overlay-opacity":"","overlay-gradient":""},"mobile":{"background-color":"var(--ast-global-color-4)","background-image":"","background-repeat":"repeat","background-position":"center center","background-size":"auto","background-attachment":"scroll","background-type":"","background-media":"","overlay-type":"","overlay-color":"","overlay-opacity":"","overlay-gradient":""}}},"product_brand":[],"product_cat":[33],"product_tag":[],"class_list":{"0":"post-723","1":"product","2":"type-product","3":"status-publish","4":"has-post-thumbnail","6":"product_cat-akcesoria","7":"desktop-align-left","8":"tablet-align-left","9":"mobile-align-left","11":"first","12":"instock","13":"shipping-taxable","14":"purchasable","15":"product-type-variable"},"_links":{"self":[{"href":"https:\/\/teddydogsshop.com.pl\/en\/wp-json\/wp\/v2\/product\/723","targetHints":{"allow":["GET"]}}],"collection":[{"href":"https:\/\/teddydogsshop.com.pl\/en\/wp-json\/wp\/v2\/product"}],"about":[{"href":"https:\/\/teddydogsshop.com.pl\/en\/wp-json\/wp\/v2\/types\/product"}],"replies":[{"embeddable":true,"href":"https:\/\/teddydogsshop.com.pl\/en\/wp-json\/wp\/v2\/comments?post=723"}],"wp:featuredmedia":[{"embeddable":true,"href":"https:\/\/teddydogsshop.com.pl\/en\/wp-json\/wp\/v2\/media\/732"}],"wp:attachment":[{"href":"https:\/\/teddydogsshop.com.pl\/en\/wp-json\/wp\/v2\/media?parent=723"}],"wp:term":[{"taxonomy":"product_brand","embeddable":true,"href":"https:\/\/teddydogsshop.com.pl\/en\/wp-json\/wp\/v2\/product_brand?post=723"},{"taxonomy":"product_cat","embeddable":true,"href":"https:\/\/teddydogsshop.com.pl\/en\/wp-json\/wp\/v2\/product_cat?post=723"},{"taxonomy":"product_tag","embeddable":true,"href":"https:\/\/teddydogsshop.com.pl\/en\/wp-json\/wp\/v2\/product_tag?post=723"}],"curies":[{"name":"wp","href":"https:\/\/api.w.org\/{rel}","templated":true}]}}