{"id":800,"date":"2026-04-22T14:14:55","date_gmt":"2026-04-22T14:14:55","guid":{"rendered":"https:\/\/teddydogsshop.com.pl\/?post_type=product&#038;p=800"},"modified":"2026-04-27T18:39:39","modified_gmt":"2026-04-27T18:39:39","slug":"plaszcz-brighton","status":"publish","type":"product","link":"https:\/\/teddydogsshop.com.pl\/en\/product\/plaszcz-brighton\/","title":{"rendered":"P\u0142aszcz dla psa Brooklyn"},"content":{"rendered":"","protected":false},"excerpt":{"rendered":"<p><strong>Lambwolf Collective<\/strong><\/p>\n<p>&nbsp;<\/p>\n<p>P\u0142aszcz BROOKLYN jest wykonany z naszego firmowego, wodoodpornego i ochronnego nylonu Lannel, co zapewnia wyj\u0105tkow\u0105 oddychalno\u015b\u0107 (dodatkowy atut dla os\u00f3b o wra\u017cliwej sk\u00f3rze!). Elastyczne ko\u0144c\u00f3wki r\u0119kaw\u00f3w i d\u00f3\u0142 chroni\u0105 Twojego psa przed zachlapaniem, a kaptur jest regulowany, co u\u0142atwia dopasowanie. Mo\u017cna go r\u00f3wnie\u017c spakowa\u0107 do woreczka przymocowanego do podszewki p\u0142aszcza! Otw\u00f3r do mocowania obro\u017cy na szyi Otw\u00f3r do mocowania szelek z ty\u0142u Ko\u0142nierz mo\u017ce by\u0107 zapinany do g\u00f3ry lub do do\u0142u, co zapewnia wyj\u0105tkowo elegancki wygl\u0105d, a zapi\u0119cie na guziki z przodu chroni zamek b\u0142yskawiczny przed uszkodzeniem, a jednocze\u015bnie posiada p\u0119telk\u0119 na identyfikator. Ten lekki p\u0142aszcz to idealne okrycie wierzchnie do noszenia w mie\u015bcie, aby Tw\u00f3j pies by\u0142 czysty i suchy podczas lekkich wiosennych deszczy! Pra\u0107 w pralce w zimnej wodzie w siateczkowym worku na pranie, wirowa\u0107 na niskich obrotach i suszy\u0107 na sznurku. U\u017cywa\u0107 pasty do z\u0119b\u00f3w i szczoteczki do usuwania plam. Nale\u017cy pami\u0119ta\u0107, \u017ce jest to materia\u0142 nieelastyczny.<\/p>","protected":false},"featured_media":1016,"comment_status":"open","ping_status":"closed","template":"","meta":{"site-sidebar-layout":"default","site-content-layout":"","ast-site-content-layout":"default","site-content-style":"default","site-sidebar-style":"default","ast-global-header-display":"","ast-banner-title-visibility":"","ast-main-header-display":"","ast-hfb-above-header-display":"","ast-hfb-below-header-display":"","ast-hfb-mobile-header-display":"","site-post-title":"","ast-breadcrumbs-content":"","ast-featured-img":"","footer-sml-layout":"","ast-disable-related-posts":"","theme-transparent-header-meta":"default","adv-header-id-meta":"","stick-header-meta":"","header-above-stick-meta":"","header-main-stick-meta":"","header-below-stick-meta":"","astra-migrate-meta-layouts":"set","ast-page-background-enabled":"default","ast-page-background-meta":{"desktop":{"background-color":"var(--ast-global-color-5)","background-image":"","background-repeat":"repeat","background-position":"center center","background-size":"auto","background-attachment":"scroll","background-type":"","background-media":"","overlay-type":"","overlay-color":"","overlay-opacity":"","overlay-gradient":""},"tablet":{"background-color":"","background-image":"","background-repeat":"repeat","background-position":"center center","background-size":"auto","background-attachment":"scroll","background-type":"","background-media":"","overlay-type":"","overlay-color":"","overlay-opacity":"","overlay-gradient":""},"mobile":{"background-color":"","background-image":"","background-repeat":"repeat","background-position":"center center","background-size":"auto","background-attachment":"scroll","background-type":"","background-media":"","overlay-type":"","overlay-color":"","overlay-opacity":"","overlay-gradient":""}},"ast-content-background-meta":{"desktop":{"background-color":"var(--ast-global-color-4)","background-image":"","background-repeat":"repeat","background-position":"center center","background-size":"auto","background-attachment":"scroll","background-type":"","background-media":"","overlay-type":"","overlay-color":"","overlay-opacity":"","overlay-gradient":""},"tablet":{"background-color":"var(--ast-global-color-4)","background-image":"","background-repeat":"repeat","background-position":"center center","background-size":"auto","background-attachment":"scroll","background-type":"","background-media":"","overlay-type":"","overlay-color":"","overlay-opacity":"","overlay-gradient":""},"mobile":{"background-color":"var(--ast-global-color-4)","background-image":"","background-repeat":"repeat","background-position":"center center","background-size":"auto","background-attachment":"scroll","background-type":"","background-media":"","overlay-type":"","overlay-color":"","overlay-opacity":"","overlay-gradient":""}}},"product_brand":[70],"product_cat":[18,32],"product_tag":[],"class_list":{"0":"post-800","1":"product","2":"type-product","3":"status-publish","4":"has-post-thumbnail","6":"product_brand-lambwolf-collective","7":"product_cat-kurtki","8":"product_cat-odziez","9":"desktop-align-left","10":"tablet-align-left","11":"mobile-align-left","13":"first","14":"instock","15":"shipping-taxable","16":"purchasable","17":"product-type-variable"},"_links":{"self":[{"href":"https:\/\/teddydogsshop.com.pl\/en\/wp-json\/wp\/v2\/product\/800","targetHints":{"allow":["GET"]}}],"collection":[{"href":"https:\/\/teddydogsshop.com.pl\/en\/wp-json\/wp\/v2\/product"}],"about":[{"href":"https:\/\/teddydogsshop.com.pl\/en\/wp-json\/wp\/v2\/types\/product"}],"replies":[{"embeddable":true,"href":"https:\/\/teddydogsshop.com.pl\/en\/wp-json\/wp\/v2\/comments?post=800"}],"wp:featuredmedia":[{"embeddable":true,"href":"https:\/\/teddydogsshop.com.pl\/en\/wp-json\/wp\/v2\/media\/1016"}],"wp:attachment":[{"href":"https:\/\/teddydogsshop.com.pl\/en\/wp-json\/wp\/v2\/media?parent=800"}],"wp:term":[{"taxonomy":"product_brand","embeddable":true,"href":"https:\/\/teddydogsshop.com.pl\/en\/wp-json\/wp\/v2\/product_brand?post=800"},{"taxonomy":"product_cat","embeddable":true,"href":"https:\/\/teddydogsshop.com.pl\/en\/wp-json\/wp\/v2\/product_cat?post=800"},{"taxonomy":"product_tag","embeddable":true,"href":"https:\/\/teddydogsshop.com.pl\/en\/wp-json\/wp\/v2\/product_tag?post=800"}],"curies":[{"name":"wp","href":"https:\/\/api.w.org\/{rel}","templated":true}]}}