{"id":917,"date":"2026-04-22T16:34:44","date_gmt":"2026-04-22T16:34:44","guid":{"rendered":"https:\/\/teddydogsshop.com.pl\/?post_type=product&#038;p=917"},"modified":"2026-04-28T22:40:45","modified_gmt":"2026-04-28T22:40:45","slug":"pled-dla-psa-z-opaska","status":"publish","type":"product","link":"https:\/\/teddydogsshop.com.pl\/en\/product\/pled-dla-psa-z-opaska\/","title":{"rendered":"Pled dla psa z opask\u0105"},"content":{"rendered":"","protected":false},"excerpt":{"rendered":"<p><strong>Teddy Dogs<\/strong><\/p>\n<p><span class=\"html-span xexx8yu xyri2b x18d9i69 x1c1uobl x1hl2dhg x16tdsg8 x1vvkbs x3nfvp2 x1j61x8r x1fcty0u xdj266r xat24cr xm2jcoa x1mpyi22 xxymvpz xlup9mm x1kky2od\"><img loading=\"lazy\" decoding=\"async\" class=\"xz74otr x15mokao x1ga7v0g x16uus16 xbiv7yw\" src=\"https:\/\/static.xx.fbcdn.net\/images\/emoji.php\/v9\/tde\/1\/16\/1f43e.png\" alt=\"\ud83d\udc3e\" width=\"16\" height=\"16\" \/><\/span> Pled dla psa 100&#215;70 cm \u2013 wygoda w domu i w podr\u00f3\u017cy<\/p>\n<p>Stylowy i niezwykle mi\u0119kki pled dla psa, kt\u00f3ry zapewni Twojemu pupilowi komfort gdziekolwiek jeste\u015bcie \u2013 w domu, w podr\u00f3\u017cy czy podczas wizyty w restauracji.<\/p>\n<p>Dzi\u0119ki praktycznej bawe\u0142nianej opasce pled mo\u017cna \u0142atwo zwin\u0105\u0107 i zabra\u0107 ze sob\u0105. To idealne rozwi\u0105zanie dla w\u0142a\u015bcicieli, kt\u00f3rzy chc\u0105 zapewni\u0107 swojemu psu znajome i czyste miejsce do odpoczynku poza domem.<\/p>\n<p>Mi\u0119kkie, wega\u0144skie futerko (g\u00f3ra) \u2013 przyjemne w dotyku, eleganckie i przyjazne dla zwierz\u0105t<\/p>\n<p>\u2022 Sp\u00f3d z baranka Teddy z recyklingu \u2013 ciep\u0142y, oddychaj\u0105cy i ekologiczny<\/p>\n<p>\u2022 Bawe\u0142niana opaska \u2013 u\u0142atwia zwijanie i transport<\/p>\n<p>\u2022 Lekki i por\u0119czny \u2013 zmie\u015bci si\u0119 w torbie lub pod r\u0119k\u0105<\/p>\n<p>\u2022 Uniwersalne zastosowanie \u2013 do domu, samochodu, kawiarni czy restauracji<\/p>\n<p>&nbsp;<\/p>\n<p><span class=\"html-span xexx8yu xyri2b x18d9i69 x1c1uobl x1hl2dhg x16tdsg8 x1vvkbs x3nfvp2 x1j61x8r x1fcty0u xdj266r xat24cr xm2jcoa x1mpyi22 xxymvpz xlup9mm x1kky2od\"><img loading=\"lazy\" decoding=\"async\" class=\"xz74otr x15mokao x1ga7v0g x16uus16 xbiv7yw\" src=\"https:\/\/static.xx.fbcdn.net\/images\/emoji.php\/v9\/t69\/1\/16\/1f331.png\" alt=\"\ud83c\udf31\" width=\"16\" height=\"16\" \/><\/span> \u015awiadomy wyb\u00f3r Produkt wykonany z materia\u0142\u00f3w przyjaznych \u015brodowisku \u2013 sp\u00f3d z recyklingowanego baranka Teddy oraz wega\u0144skie futerko to po\u0142\u0105czenie komfortu i odpowiedzialno\u015bci.<\/p>\n<p>Certyfikat Oeko-Tex-Standard 100<\/p>\n<p>&nbsp;<\/p>","protected":false},"featured_media":936,"comment_status":"open","ping_status":"closed","template":"","meta":{"site-sidebar-layout":"default","site-content-layout":"","ast-site-content-layout":"default","site-content-style":"default","site-sidebar-style":"default","ast-global-header-display":"","ast-banner-title-visibility":"","ast-main-header-display":"","ast-hfb-above-header-display":"","ast-hfb-below-header-display":"","ast-hfb-mobile-header-display":"","site-post-title":"","ast-breadcrumbs-content":"","ast-featured-img":"","footer-sml-layout":"","ast-disable-related-posts":"","theme-transparent-header-meta":"default","adv-header-id-meta":"","stick-header-meta":"","header-above-stick-meta":"","header-main-stick-meta":"","header-below-stick-meta":"","astra-migrate-meta-layouts":"set","ast-page-background-enabled":"default","ast-page-background-meta":{"desktop":{"background-color":"var(--ast-global-color-5)","background-image":"","background-repeat":"repeat","background-position":"center center","background-size":"auto","background-attachment":"scroll","background-type":"","background-media":"","overlay-type":"","overlay-color":"","overlay-opacity":"","overlay-gradient":""},"tablet":{"background-color":"","background-image":"","background-repeat":"repeat","background-position":"center center","background-size":"auto","background-attachment":"scroll","background-type":"","background-media":"","overlay-type":"","overlay-color":"","overlay-opacity":"","overlay-gradient":""},"mobile":{"background-color":"","background-image":"","background-repeat":"repeat","background-position":"center center","background-size":"auto","background-attachment":"scroll","background-type":"","background-media":"","overlay-type":"","overlay-color":"","overlay-opacity":"","overlay-gradient":""}},"ast-content-background-meta":{"desktop":{"background-color":"var(--ast-global-color-4)","background-image":"","background-repeat":"repeat","background-position":"center center","background-size":"auto","background-attachment":"scroll","background-type":"","background-media":"","overlay-type":"","overlay-color":"","overlay-opacity":"","overlay-gradient":""},"tablet":{"background-color":"var(--ast-global-color-4)","background-image":"","background-repeat":"repeat","background-position":"center center","background-size":"auto","background-attachment":"scroll","background-type":"","background-media":"","overlay-type":"","overlay-color":"","overlay-opacity":"","overlay-gradient":""},"mobile":{"background-color":"var(--ast-global-color-4)","background-image":"","background-repeat":"repeat","background-position":"center center","background-size":"auto","background-attachment":"scroll","background-type":"","background-media":"","overlay-type":"","overlay-color":"","overlay-opacity":"","overlay-gradient":""}}},"product_brand":[99],"product_cat":[33,89],"product_tag":[72],"class_list":{"0":"post-917","1":"product","2":"type-product","3":"status-publish","4":"has-post-thumbnail","6":"product_brand-teddydogs","7":"product_cat-akcesoria","8":"product_cat-pledy","9":"product_tag-oeko-tex-standard-100","10":"desktop-align-left","11":"tablet-align-left","12":"mobile-align-left","14":"first","15":"instock","16":"shipping-taxable","17":"purchasable","18":"product-type-variable"},"_links":{"self":[{"href":"https:\/\/teddydogsshop.com.pl\/en\/wp-json\/wp\/v2\/product\/917","targetHints":{"allow":["GET"]}}],"collection":[{"href":"https:\/\/teddydogsshop.com.pl\/en\/wp-json\/wp\/v2\/product"}],"about":[{"href":"https:\/\/teddydogsshop.com.pl\/en\/wp-json\/wp\/v2\/types\/product"}],"replies":[{"embeddable":true,"href":"https:\/\/teddydogsshop.com.pl\/en\/wp-json\/wp\/v2\/comments?post=917"}],"wp:featuredmedia":[{"embeddable":true,"href":"https:\/\/teddydogsshop.com.pl\/en\/wp-json\/wp\/v2\/media\/936"}],"wp:attachment":[{"href":"https:\/\/teddydogsshop.com.pl\/en\/wp-json\/wp\/v2\/media?parent=917"}],"wp:term":[{"taxonomy":"product_brand","embeddable":true,"href":"https:\/\/teddydogsshop.com.pl\/en\/wp-json\/wp\/v2\/product_brand?post=917"},{"taxonomy":"product_cat","embeddable":true,"href":"https:\/\/teddydogsshop.com.pl\/en\/wp-json\/wp\/v2\/product_cat?post=917"},{"taxonomy":"product_tag","embeddable":true,"href":"https:\/\/teddydogsshop.com.pl\/en\/wp-json\/wp\/v2\/product_tag?post=917"}],"curies":[{"name":"wp","href":"https:\/\/api.w.org\/{rel}","templated":true}]}}